{"id":919,"date":"2022-05-09T21:40:18","date_gmt":"2022-05-09T21:40:18","guid":{"rendered":"http:\/\/www.rijschoolbennett.com\/wordpress\/?page_id=919"},"modified":"2023-01-05T14:30:33","modified_gmt":"2023-01-05T14:30:33","slug":"espanol","status":"publish","type":"page","link":"https:\/\/www.rijschoolbennett.com\/wordpress\/?page_id=919","title":{"rendered":"ESPA\u00d1OL"},"content":{"rendered":"\n<div class=\"wp-block-image\"><figure class=\"aligncenter is-resized\"><img loading=\"lazy\" decoding=\"async\" src=\"http:\/\/www.rijschoolbennett.com\/wordpress\/wp-content\/uploads\/2018\/06\/rb.png\" alt=\"Logo Rijschool Bennett\" class=\"wp-image-10\" width=\"121\" height=\"121\" srcset=\"https:\/\/www.rijschoolbennett.com\/wordpress\/wp-content\/uploads\/2018\/06\/rb.png 960w, https:\/\/www.rijschoolbennett.com\/wordpress\/wp-content\/uploads\/2018\/06\/rb-150x150.png 150w, https:\/\/www.rijschoolbennett.com\/wordpress\/wp-content\/uploads\/2018\/06\/rb-300x300.png 300w, https:\/\/www.rijschoolbennett.com\/wordpress\/wp-content\/uploads\/2018\/06\/rb-768x768.png 768w\" sizes=\"auto, (max-width: 121px) 100vw, 121px\" \/><\/figure><\/div>\n\n\n\n<p>Solo damos clases particulares en espa\u00f1ol.<\/p>\n\n\n\n<figure class=\"wp-block-image\"><img loading=\"lazy\" decoding=\"async\" width=\"940\" height=\"788\" src=\"http:\/\/www.rijschoolbennett.com\/wordpress\/wp-content\/uploads\/2023\/01\/8-1.png\" alt=\"\" class=\"wp-image-1017\" srcset=\"https:\/\/www.rijschoolbennett.com\/wordpress\/wp-content\/uploads\/2023\/01\/8-1.png 940w, https:\/\/www.rijschoolbennett.com\/wordpress\/wp-content\/uploads\/2023\/01\/8-1-300x251.png 300w, https:\/\/www.rijschoolbennett.com\/wordpress\/wp-content\/uploads\/2023\/01\/8-1-768x644.png 768w\" sizes=\"auto, (max-width: 940px) 100vw, 940px\" \/><\/figure>\n\n\n\n<p>CLASE PRIVADAS<\/p>\n\n\n\n<ul class=\"wp-block-list\"><li>Afl. 50,-   1x Hora Clase de Mesa<\/li><li>Afl. 50,-   1x Presentacion Se\u00f1ales de Tr\u00e1fico<\/li><li>Afl. 50,-&nbsp;  1x Presentacion Reglas de Tr\u00e1fico<\/li><li>Afl. 75,- 2x Examen digital (total 1 hora)<\/li><\/ul>\n\n\n\n<p>LIBROS<\/p>\n\n\n\n<ul class=\"wp-block-list\"><li>Afl. 30,-   Libro 1 categoria<\/li><li>Afl. 45,-   Libro todas las categor\u00edas<\/li><\/ul>\n\n\n\n<p>CLASE DE CONDUCIR<\/p>\n\n\n\n<ul class=\"wp-block-list\"><li>Afl. 70,-    1x Hora Clase de conducir (Auto)<\/li><li>Afl. 80,-    1x hora de clase de conducci\u00f3n Coche est\u00e1ndar<\/li><li>Afl. 95,-    1x hora de clase de conducci\u00f3n en cami\u00f3n<\/li><li>Afl. 140,- 1x hora de clase de conducci\u00f3n Cami\u00f3n y remolque<\/li><li>Afl. 70,-    1,5 horas de clase de conducci\u00f3n en moto<\/li><\/ul>\n\n\n\n<p>ALQUILER DE VEH\u00cdCULO DE MOTOR PARA EXAMEN<\/p>\n\n\n\n<ul class=\"wp-block-list\"><li>Afl. 140,- Cami\u00f3n<\/li><li>Afl. 215,- Cami\u00f3n Remolque<\/li><li>Afl. 80,-   Moto<\/li><li>Afl. 135,- Prueba de conducci\u00f3n de autob\u00fas + Alquiler<\/li><\/ul>\n\n\n\n<figure class=\"wp-block-image\"><img loading=\"lazy\" decoding=\"async\" width=\"703\" height=\"393\" src=\"http:\/\/www.rijschoolbennett.com\/wordpress\/wp-content\/uploads\/2018\/11\/rijles.jpg\" alt=\"\" class=\"wp-image-343\" srcset=\"https:\/\/www.rijschoolbennett.com\/wordpress\/wp-content\/uploads\/2018\/11\/rijles.jpg 703w, https:\/\/www.rijschoolbennett.com\/wordpress\/wp-content\/uploads\/2018\/11\/rijles-300x168.jpg 300w\" sizes=\"auto, (max-width: 703px) 100vw, 703px\" \/><\/figure>\n","protected":false},"excerpt":{"rendered":"<p>Solo damos clases particulares en espa\u00f1ol. CLASE PRIVADAS Afl. 50,- 1x Hora Clase de Mesa Afl. 50,- 1x Presentacion Se\u00f1ales de Tr\u00e1fico Afl. 50,-&nbsp; 1x Presentacion Reglas de Tr\u00e1fico Afl. 75,- 2x Examen digital (total 1 hora) LIBROS Afl. 30,- Libro 1 categoria Afl. 45,- Libro todas las categor\u00edas CLASE DE CONDUCIR Afl. 70,- 1x &hellip; <a href=\"https:\/\/www.rijschoolbennett.com\/wordpress\/?page_id=919\" class=\"more-link\">Continue reading <span class=\"screen-reader-text\">ESPA\u00d1OL<\/span><\/a><\/p>\n","protected":false},"author":4,"featured_media":0,"parent":0,"menu_order":0,"comment_status":"closed","ping_status":"closed","template":"","meta":{"footnotes":""},"class_list":["post-919","page","type-page","status-publish","hentry"],"_links":{"self":[{"href":"https:\/\/www.rijschoolbennett.com\/wordpress\/index.php?rest_route=\/wp\/v2\/pages\/919","targetHints":{"allow":["GET"]}}],"collection":[{"href":"https:\/\/www.rijschoolbennett.com\/wordpress\/index.php?rest_route=\/wp\/v2\/pages"}],"about":[{"href":"https:\/\/www.rijschoolbennett.com\/wordpress\/index.php?rest_route=\/wp\/v2\/types\/page"}],"author":[{"embeddable":true,"href":"https:\/\/www.rijschoolbennett.com\/wordpress\/index.php?rest_route=\/wp\/v2\/users\/4"}],"replies":[{"embeddable":true,"href":"https:\/\/www.rijschoolbennett.com\/wordpress\/index.php?rest_route=%2Fwp%2Fv2%2Fcomments&post=919"}],"version-history":[{"count":6,"href":"https:\/\/www.rijschoolbennett.com\/wordpress\/index.php?rest_route=\/wp\/v2\/pages\/919\/revisions"}],"predecessor-version":[{"id":1021,"href":"https:\/\/www.rijschoolbennett.com\/wordpress\/index.php?rest_route=\/wp\/v2\/pages\/919\/revisions\/1021"}],"wp:attachment":[{"href":"https:\/\/www.rijschoolbennett.com\/wordpress\/index.php?rest_route=%2Fwp%2Fv2%2Fmedia&parent=919"}],"curies":[{"name":"wp","href":"https:\/\/api.w.org\/{rel}","templated":true}]}}